{"id":3,"date":"2024-12-16T12:48:59","date_gmt":"2024-12-16T12:48:59","guid":{"rendered":"http:\/\/pay9.nishidshajib.com\/?page_id=3"},"modified":"2025-01-05T18:26:22","modified_gmt":"2025-01-05T18:26:22","slug":"privacy-policy","status":"publish","type":"page","link":"https:\/\/pay9.nishidshajib.com\/vi\/privacy-policy\/","title":{"rendered":"Ch\u00ednh s\u00e1ch b\u1ea3o m\u1eadt"},"content":{"rendered":"<div data-elementor-type=\"wp-page\" data-elementor-id=\"3\" class=\"elementor elementor-3\" data-elementor-post-type=\"page\">\n\t\t\t\t<div class=\"elementor-element elementor-element-5a8dd9a e-flex e-con-boxed e-con e-parent\" data-id=\"5a8dd9a\" data-element_type=\"container\">\n\t\t\t\t\t<div class=\"e-con-inner\">\n\t\t\t\t<div class=\"elementor-element elementor-element-156188d elementor-widget elementor-widget-heading\" data-id=\"156188d\" data-element_type=\"widget\" data-widget_type=\"heading.default\">\n\t\t\t\t<div class=\"elementor-widget-container\">\n\t\t\t\t\t<h1 class=\"elementor-heading-title elementor-size-default\">Ch\u00ednh s\u00e1ch b\u1ea3o m\u1eadt d\u00e0nh ri\u00eang\n<\/h1>\t\t\t\t<\/div>\n\t\t\t\t<\/div>\n\t\t\t\t<div class=\"elementor-element elementor-element-5bfcaa8 elementor-icon-list--layout-traditional elementor-list-item-link-full_width elementor-widget elementor-widget-icon-list\" data-id=\"5bfcaa8\" data-element_type=\"widget\" data-widget_type=\"icon-list.default\">\n\t\t\t\t<div class=\"elementor-widget-container\">\n\t\t\t\t\t\t\t<ul class=\"elementor-icon-list-items\">\n\t\t\t\t\t\t\t<li class=\"elementor-icon-list-item\">\n\t\t\t\t\t\t\t\t\t\t<span class=\"elementor-icon-list-text\">Ng\u00e0y c\u00f3 hi\u1ec7u l\u1ef1c: [Ng\u00e0y]<\/span>\n\t\t\t\t\t\t\t\t\t<\/li>\n\t\t\t\t\t\t\t\t<li class=\"elementor-icon-list-item\">\n\t\t\t\t\t\t\t\t\t\t<span class=\"elementor-icon-list-text\"> C\u1eadp nh\u1eadt l\u1ea7n cu\u1ed1i: [Ng\u00e0y]<\/span>\n\t\t\t\t\t\t\t\t\t<\/li>\n\t\t\t\t\t\t<\/ul>\n\t\t\t\t\t\t<\/div>\n\t\t\t\t<\/div>\n\t\t\t\t<div class=\"elementor-element elementor-element-e90af29 elementor-widget elementor-widget-heading\" data-id=\"e90af29\" data-element_type=\"widget\" data-widget_type=\"heading.default\">\n\t\t\t\t<div class=\"elementor-widget-container\">\n\t\t\t\t\t<div class=\"elementor-heading-title elementor-size-default\">T\u1ea1i Pay9, b\u1ea3o v\u1ec7 quy\u1ec1n ri\u00eang t\u01b0 c\u1ee7a b\u1ea1n l\u00e0 m\u1ed9t trong nh\u1eefng \u01b0u ti\u00ean h\u00e0ng \u0111\u1ea7u c\u1ee7a ch\u00fang t\u00f4i. Ch\u00ednh s\u00e1ch quy\u1ec1n ri\u00eang t\u01b0 n\u00e0y gi\u1ea3i th\u00edch c\u00e1ch ch\u00fang t\u00f4i thu th\u1eadp, s\u1eed d\u1ee5ng, chia s\u1ebb v\u00e0 b\u1ea3o v\u1ec7 th\u00f4ng tin c\u00e1 nh\u00e2n c\u1ee7a b\u1ea1n khi b\u1ea1n truy c\u1eadp v\u00e0 s\u1eed d\u1ee5ng n\u1ec1n t\u1ea3ng c\u1ee7a ch\u00fang t\u00f4i, bao g\u1ed3m \u1ee9ng d\u1ee5ng Pay9, trang web v\u00e0 c\u00e1c d\u1ecbch v\u1ee5 li\u00ean quan. B\u1eb1ng c\u00e1ch s\u1eed d\u1ee5ng Pay9, b\u1ea1n \u0111\u1ed3ng \u00fd v\u1edbi c\u00e1c ho\u1ea1t \u0111\u1ed9ng \u0111\u01b0\u1ee3c n\u00eau trong t\u00e0i li\u1ec7u n\u00e0y.\n<\/div>\t\t\t\t<\/div>\n\t\t\t\t<\/div>\n\t\t\t\t<div class=\"elementor-element elementor-element-4d4df4d elementor-widget elementor-widget-icon-box\" data-id=\"4d4df4d\" data-element_type=\"widget\" data-widget_type=\"icon-box.default\">\n\t\t\t\t<div class=\"elementor-widget-container\">\n\t\t\t\t\t\t\t<div class=\"elementor-icon-box-wrapper\">\n\n\t\t\t\n\t\t\t\t\t\t<div class=\"elementor-icon-box-content\">\n\n\t\t\t\t\t\t\t\t\t<div class=\"elementor-icon-box-title\">\n\t\t\t\t\t\t<span  >\n\t\t\t\t\t\t\tTh\u00f4ng tin ch\u00fang t\u00f4i thu th\u1eadp\t\t\t\t\t\t<\/span>\n\t\t\t\t\t<\/div>\n\t\t\t\t\n\t\t\t\t\t\t\t\t\t<p class=\"elementor-icon-box-description\">\n\t\t\t\t\t\tKhi b\u1ea1n s\u1eed d\u1ee5ng Pay9, ch\u00fang t\u00f4i thu th\u1eadp m\u1ed9t s\u1ed1 th\u00f4ng tin nh\u1ea5t \u0111\u1ecbnh \u0111\u1ec3 cung c\u1ea5p v\u00e0 n\u00e2ng cao d\u1ecbch v\u1ee5 c\u1ee7a m\u00ecnh. Bao g\u1ed3m th\u00f4ng tin c\u00e1 nh\u00e2n, ch\u1eb3ng h\u1ea1n nh\u01b0 t\u00ean, th\u00f4ng tin li\u00ean l\u1ea1c v\u00e0 gi\u1ea5y t\u1edd t\u00f9y th\u00e2n c\u1ee7a b\u1ea1n, \u0111\u00e2y l\u00e0 nh\u1eefng th\u00f4ng tin c\u1ea7n thi\u1ebft \u0111\u1ec3 tu\u00e2n th\u1ee7 c\u00e1c quy \u0111\u1ecbnh v\u1ec1 Bi\u1ebft kh\u00e1ch h\u00e0ng c\u1ee7a b\u1ea1n (KYC) v\u00e0 Ch\u1ed1ng r\u1eeda ti\u1ec1n (AML). Ngo\u00e0i ra, ch\u00fang t\u00f4i ghi l\u1ea1i ho\u1ea1t \u0111\u1ed9ng t\u00e0i kho\u1ea3n c\u1ee7a b\u1ea1n, bao g\u1ed3m giao d\u1ecbch, s\u1ed1 ti\u1ec1n g\u1eedi, \u0111\u1ecba ch\u1ec9 v\u00ed v\u00e0 d\u1ea5u th\u1eddi gian.<br><br>\nCh\u00fang t\u00f4i c\u0169ng thu th\u1eadp d\u1eef li\u1ec7u k\u1ef9 thu\u1eadt, ch\u1eb3ng h\u1ea1n nh\u01b0 \u0111\u1ecba ch\u1ec9 IP, th\u00f4ng s\u1ed1 k\u1ef9 thu\u1eadt c\u1ee7a thi\u1ebft b\u1ecb v\u00e0 h\u00e0nh vi duy\u1ec7t web, \u0111\u1ec3 \u0111\u1ea3m b\u1ea3o cung c\u1ea5p d\u1ecbch v\u1ee5 an to\u00e0n v\u00e0 t\u1ed1i \u01b0u. Cookie v\u00e0 c\u00e1c c\u00f4ng ngh\u1ec7 theo d\u00f5i kh\u00e1c \u0111\u01b0\u1ee3c s\u1eed d\u1ee5ng \u0111\u1ec3 c\u00e1 nh\u00e2n h\u00f3a tr\u1ea3i nghi\u1ec7m c\u1ee7a b\u1ea1n v\u00e0 theo d\u00f5i vi\u1ec7c s\u1eed d\u1ee5ng n\u1ec1n t\u1ea3ng.\n\t\t\t\t\t<\/p>\n\t\t\t\t\n\t\t\t<\/div>\n\t\t\t\n\t\t<\/div>\n\t\t\t\t\t\t<\/div>\n\t\t\t\t<\/div>\n\t\t\t\t<div class=\"elementor-element elementor-element-da881d2 elementor-widget elementor-widget-icon-box\" data-id=\"da881d2\" data-element_type=\"widget\" data-widget_type=\"icon-box.default\">\n\t\t\t\t<div class=\"elementor-widget-container\">\n\t\t\t\t\t\t\t<div class=\"elementor-icon-box-wrapper\">\n\n\t\t\t\n\t\t\t\t\t\t<div class=\"elementor-icon-box-content\">\n\n\t\t\t\t\t\t\t\t\t<div class=\"elementor-icon-box-title\">\n\t\t\t\t\t\t<span  >\n\t\t\t\t\t\t\tCh\u00fang t\u00f4i s\u1eed d\u1ee5ng th\u00f4ng tin c\u1ee7a b\u1ea1n nh\u01b0 th\u1ebf n\u00e0o\t\t\t\t\t\t<\/span>\n\t\t\t\t\t<\/div>\n\t\t\t\t\n\t\t\t\t\t\t\t\t\t<p class=\"elementor-icon-box-description\">\n\t\t\t\t\t\tD\u1eef li\u1ec7u ch\u00fang t\u00f4i thu th\u1eadp \u0111\u01b0\u1ee3c s\u1eed d\u1ee5ng \u0111\u1ec3 cung c\u1ea5p c\u00e1c d\u1ecbch v\u1ee5 Pay9 m\u00e0 b\u1ea1n tin c\u1eady, bao g\u1ed3m x\u1eed l\u00fd giao d\u1ecbch, x\u00e1c minh danh t\u00ednh v\u00e0 cho ph\u00e9p truy c\u1eadp v\u00e0o c\u00e1c t\u00ednh n\u0103ng n\u00e2ng cao nh\u01b0 staking v\u00e0 thanh to\u00e1n xuy\u00ean bi\u00ean gi\u1edbi. H\u01a1n n\u1eefa, ch\u00fang t\u00f4i s\u1eed d\u1ee5ng th\u00f4ng tin n\u00e0y \u0111\u1ec3 tu\u00e2n th\u1ee7 c\u00e1c ngh\u0129a v\u1ee5 theo quy \u0111\u1ecbnh v\u00e0 t\u0103ng c\u01b0\u1eddng b\u1ea3o m\u1eadt n\u1ec1n t\u1ea3ng.<br><br>\nTrong m\u1ed9t s\u1ed1 tr\u01b0\u1eddng h\u1ee3p, th\u00f4ng tin c\u1ee7a b\u1ea1n c\u00f3 th\u1ec3 \u0111\u01b0\u1ee3c s\u1eed d\u1ee5ng cho m\u1ee5c \u0111\u00edch ph\u00e2n t\u00edch v\u00e0 ti\u1ebfp th\u1ecb. V\u00ed d\u1ee5, ch\u00fang t\u00f4i ph\u00e2n t\u00edch d\u1eef li\u1ec7u t\u1ed5ng h\u1ee3p \u0111\u1ec3 c\u1ea3i thi\u1ec7n d\u1ecbch v\u1ee5 c\u1ee7a m\u00ecnh v\u00e0 g\u1eedi th\u00f4ng tin c\u1eadp nh\u1eadt khuy\u1ebfn m\u1ea1i v\u1edbi s\u1ef1 \u0111\u1ed3ng \u00fd tr\u01b0\u1edbc c\u1ee7a b\u1ea1n.\n\t\t\t\t\t<\/p>\n\t\t\t\t\n\t\t\t<\/div>\n\t\t\t\n\t\t<\/div>\n\t\t\t\t\t\t<\/div>\n\t\t\t\t<\/div>\n\t\t\t\t<div class=\"elementor-element elementor-element-b4064c0 elementor-widget elementor-widget-icon-box\" data-id=\"b4064c0\" data-element_type=\"widget\" data-widget_type=\"icon-box.default\">\n\t\t\t\t<div class=\"elementor-widget-container\">\n\t\t\t\t\t\t\t<div class=\"elementor-icon-box-wrapper\">\n\n\t\t\t\n\t\t\t\t\t\t<div class=\"elementor-icon-box-content\">\n\n\t\t\t\t\t\t\t\t\t<div class=\"elementor-icon-box-title\">\n\t\t\t\t\t\t<span  >\n\t\t\t\t\t\t\tChia s\u1ebb th\u00f4ng tin c\u1ee7a b\u1ea1n\t\t\t\t\t\t<\/span>\n\t\t\t\t\t<\/div>\n\t\t\t\t\n\t\t\t\t\t\t\t\t\t<p class=\"elementor-icon-box-description\">\n\t\t\t\t\t\tTh\u00f4ng tin c\u1ee7a b\u1ea1n ch\u1ec9 \u0111\u01b0\u1ee3c chia s\u1ebb v\u1edbi c\u00e1c b\u00ean th\u1ee9 ba \u0111\u00e1ng tin c\u1eady, ch\u1eb3ng h\u1ea1n nh\u01b0 b\u1ed9 x\u1eed l\u00fd thanh to\u00e1n, m\u1ea1ng l\u01b0\u1edbi blockchain v\u00e0 nh\u00e0 cung c\u1ea5p x\u00e1c minh danh t\u00ednh. \u0110i\u1ec1u n\u00e0y l\u00e0 c\u1ea7n thi\u1ebft \u0111\u1ec3 \u0111\u1ea3m b\u1ea3o cung c\u1ea5p d\u1ecbch v\u1ee5 li\u1ec1n m\u1ea1ch v\u00e0 tu\u00e2n th\u1ee7 c\u00e1c y\u00eau c\u1ea7u ph\u00e1p l\u00fd. Trong tr\u01b0\u1eddng h\u1ee3p c\u00f3 y\u00eau c\u1ea7u ph\u00e1p l\u00fd ho\u1eb7c l\u1ec7nh ph\u00e1p l\u00fd, ch\u00fang t\u00f4i c\u00f3 th\u1ec3 ti\u1ebft l\u1ed9 th\u00f4ng tin c\u1ee7a b\u1ea1n cho c\u00e1c c\u01a1 quan ch\u00ednh ph\u1ee7 ho\u1eb7c c\u01a1 quan th\u1ef1c thi ph\u00e1p lu\u1eadt \u0111\u01b0\u1ee3c \u1ee7y quy\u1ec1n.\n<br><br>\nCh\u00fang t\u00f4i kh\u00f4ng b\u00e1n ho\u1eb7c cho thu\u00ea th\u00f4ng tin c\u00e1 nh\u00e2n c\u1ee7a b\u1ea1n cho b\u00ean th\u1ee9 ba v\u00ec m\u1ee5c \u0111\u00edch ti\u1ebfp th\u1ecb \u0111\u1ed9c l\u1eadp c\u1ee7a h\u1ecd.\t\t\t\t\t<\/p>\n\t\t\t\t\n\t\t\t<\/div>\n\t\t\t\n\t\t<\/div>\n\t\t\t\t\t\t<\/div>\n\t\t\t\t<\/div>\n\t\t\t\t<div class=\"elementor-element elementor-element-cd562cc elementor-widget elementor-widget-icon-box\" data-id=\"cd562cc\" data-element_type=\"widget\" data-widget_type=\"icon-box.default\">\n\t\t\t\t<div class=\"elementor-widget-container\">\n\t\t\t\t\t\t\t<div class=\"elementor-icon-box-wrapper\">\n\n\t\t\t\n\t\t\t\t\t\t<div class=\"elementor-icon-box-content\">\n\n\t\t\t\t\t\t\t\t\t<div class=\"elementor-icon-box-title\">\n\t\t\t\t\t\t<span  >\n\t\t\t\t\t\t\tB\u1ea3o m\u1eadt d\u1eef li\u1ec7u\t\t\t\t\t\t<\/span>\n\t\t\t\t\t<\/div>\n\t\t\t\t\n\t\t\t\t\t\t\t\t\t<p class=\"elementor-icon-box-description\">\n\t\t\t\t\t\t\u0110\u1ec3 b\u1ea3o v\u1ec7 th\u00f4ng tin c\u1ee7a b\u1ea1n, Pay9 s\u1eed d\u1ee5ng c\u00e1c bi\u1ec7n ph\u00e1p b\u1ea3o m\u1eadt m\u1ea1nh m\u1ebd, bao g\u1ed3m m\u00e3 h\u00f3a \u0111\u1ea7u cu\u1ed1i, x\u00e1c th\u1ef1c hai y\u1ebfu t\u1ed1 v\u00e0 h\u1ec7 th\u1ed1ng t\u01b0\u1eddng l\u1eeda ti\u00ean ti\u1ebfn. N\u1ec1n t\u1ea3ng c\u1ee7a ch\u00fang t\u00f4i \u0111\u01b0\u1ee3c x\u00e2y d\u1ef1ng tr\u00ean c\u00f4ng ngh\u1ec7 blockchain, cung c\u1ea5p c\u00e1c l\u1edbp b\u1ed5 sung v\u1ec1 t\u00ednh to\u00e0n v\u1eb9n c\u1ee7a d\u1eef li\u1ec7u v\u00e0 h\u1ed3 s\u01a1 ch\u1ed1ng gi\u1ea3 m\u1ea1o.<br><br>\nB\u1ea5t ch\u1ea5p nh\u1eefng n\u1ed7 l\u1ef1c n\u00e0y, kh\u00f4ng c\u00f3 h\u1ec7 th\u1ed1ng k\u1ef9 thu\u1eadt s\u1ed1 n\u00e0o ho\u00e0n to\u00e0n mi\u1ec5n nhi\u1ec5m v\u1edbi r\u1ee7i ro. Ch\u00fang t\u00f4i khuy\u1ebfn kh\u00edch ng\u01b0\u1eddi d\u00f9ng b\u1ea3o v\u1ec7 th\u00f4ng tin \u0111\u0103ng nh\u1eadp c\u1ee7a h\u1ecd v\u00e0 lu\u00f4n c\u1ea3nh gi\u00e1c v\u1edbi c\u00e1c n\u1ed7 l\u1ef1c l\u1eeba \u0111\u1ea3o ti\u1ec1m \u1ea9n.\n\t\t\t\t\t<\/p>\n\t\t\t\t\n\t\t\t<\/div>\n\t\t\t\n\t\t<\/div>\n\t\t\t\t\t\t<\/div>\n\t\t\t\t<\/div>\n\t\t\t\t<div class=\"elementor-element elementor-element-911a39f elementor-widget elementor-widget-icon-box\" data-id=\"911a39f\" data-element_type=\"widget\" data-widget_type=\"icon-box.default\">\n\t\t\t\t<div class=\"elementor-widget-container\">\n\t\t\t\t\t\t\t<div class=\"elementor-icon-box-wrapper\">\n\n\t\t\t\n\t\t\t\t\t\t<div class=\"elementor-icon-box-content\">\n\n\t\t\t\t\t\t\t\t\t<div class=\"elementor-icon-box-title\">\n\t\t\t\t\t\t<span  >\n\t\t\t\t\t\t\tQuy\u1ec1n c\u1ee7a b\u1ea1n\t\t\t\t\t\t<\/span>\n\t\t\t\t\t<\/div>\n\t\t\t\t\n\t\t\t\t\t\t\t\t\t<p class=\"elementor-icon-box-description\">\n\t\t\t\t\t\tL\u00e0 ng\u01b0\u1eddi d\u00f9ng Pay9, b\u1ea1n c\u00f3 m\u1ed9t s\u1ed1 quy\u1ec1n nh\u1ea5t \u0111\u1ecbnh li\u00ean quan \u0111\u1ebfn d\u1eef li\u1ec7u c\u1ee7a m\u00ecnh. Bao g\u1ed3m kh\u1ea3 n\u0103ng truy c\u1eadp v\u00e0 c\u1eadp nh\u1eadt th\u00f4ng tin c\u00e1 nh\u00e2n c\u1ee7a b\u1ea1n, y\u00eau c\u1ea7u x\u00f3a d\u1eef li\u1ec7u v\u00e0 r\u00fat l\u1ea1i s\u1ef1 \u0111\u1ed3ng \u00fd cho c\u00e1c th\u00f4ng tin ti\u1ebfp th\u1ecb. B\u1ea1n c\u0169ng c\u00f3 th\u1ec3 y\u00eau c\u1ea7u m\u1ed9t b\u1ea3n sao d\u1eef li\u1ec7u c\u1ee7a m\u00ecnh \u1edf \u0111\u1ecbnh d\u1ea1ng di \u0111\u1ed9ng.<br><br>\n\nB\u1ea1n c\u00f3 th\u1ec3 li\u00ean h\u1ec7 tr\u1ef1c ti\u1ebfp v\u1edbi ch\u00fang t\u00f4i qua c\u00e1c k\u00eanh h\u1ed7 tr\u1ee3 \u0111\u01b0\u1ee3c li\u1ec7t k\u00ea b\u00ean d\u01b0\u1edbi \u0111\u1ec3 y\u00eau c\u1ea7u li\u00ean quan \u0111\u1ebfn quy\u1ec1n d\u1eef li\u1ec7u c\u1ee7a m\u00ecnh.\t\t\t\t\t<\/p>\n\t\t\t\t\n\t\t\t<\/div>\n\t\t\t\n\t\t<\/div>\n\t\t\t\t\t\t<\/div>\n\t\t\t\t<\/div>\n\t\t\t\t<div class=\"elementor-element elementor-element-d13b859 elementor-widget elementor-widget-icon-box\" data-id=\"d13b859\" data-element_type=\"widget\" data-widget_type=\"icon-box.default\">\n\t\t\t\t<div class=\"elementor-widget-container\">\n\t\t\t\t\t\t\t<div class=\"elementor-icon-box-wrapper\">\n\n\t\t\t\n\t\t\t\t\t\t<div class=\"elementor-icon-box-content\">\n\n\t\t\t\t\t\t\t\t\t<div class=\"elementor-icon-box-title\">\n\t\t\t\t\t\t<span  >\n\t\t\t\t\t\t\tCookie v\u00e0 Theo d\u00f5i\t\t\t\t\t\t<\/span>\n\t\t\t\t\t<\/div>\n\t\t\t\t\n\t\t\t\t\t\t\t\t\t<p class=\"elementor-icon-box-description\">\n\t\t\t\t\t\tPay9 s\u1eed d\u1ee5ng cookie \u0111\u1ec3 n\u00e2ng cao tr\u1ea3i nghi\u1ec7m duy\u1ec7t web c\u1ee7a b\u1ea1n. Nh\u1eefng t\u1ec7p nh\u1ecf n\u00e0y gi\u00fap ch\u00fang t\u00f4i hi\u1ec3u h\u00e0nh vi c\u1ee7a ng\u01b0\u1eddi d\u00f9ng, c\u1ea3i thi\u1ec7n hi\u1ec7u su\u1ea5t trang web v\u00e0 cung c\u1ea5p c\u00e1c d\u1ecbch v\u1ee5 \u0111\u01b0\u1ee3c c\u00e1 nh\u00e2n h\u00f3a. M\u1eb7c d\u00f9 cookie thi\u1ebft y\u1ebfu l\u00e0 c\u1ea7n thi\u1ebft cho ch\u1ee9c n\u0103ng n\u1ec1n t\u1ea3ng, ng\u01b0\u1eddi d\u00f9ng c\u00f3 th\u1ec3 qu\u1ea3n l\u00fd t\u00f9y ch\u1ecdn cho cookie ph\u00e2n t\u00edch v\u00e0 ti\u1ebfp th\u1ecb th\u00f4ng qua c\u00e0i \u0111\u1eb7t tr\u00ecnh duy\u1ec7t c\u1ee7a h\u1ecd.\t\t\t\t\t<\/p>\n\t\t\t\t\n\t\t\t<\/div>\n\t\t\t\n\t\t<\/div>\n\t\t\t\t\t\t<\/div>\n\t\t\t\t<\/div>\n\t\t\t\t<div class=\"elementor-element elementor-element-f34eca1 elementor-widget-divider--view-line elementor-widget elementor-widget-divider\" data-id=\"f34eca1\" data-element_type=\"widget\" data-widget_type=\"divider.default\">\n\t\t\t\t<div class=\"elementor-widget-container\">\n\t\t\t\t\t\t\t<div class=\"elementor-divider\">\n\t\t\t<span class=\"elementor-divider-separator\">\n\t\t\t\t\t\t<\/span>\n\t\t<\/div>\n\t\t\t\t\t\t<\/div>\n\t\t\t\t<\/div>\n\t\t\t\t<div class=\"elementor-element elementor-element-a5d62c5 elementor-widget elementor-widget-icon-box\" data-id=\"a5d62c5\" data-element_type=\"widget\" data-widget_type=\"icon-box.default\">\n\t\t\t\t<div class=\"elementor-widget-container\">\n\t\t\t\t\t\t\t<div class=\"elementor-icon-box-wrapper\">\n\n\t\t\t\n\t\t\t\t\t\t<div class=\"elementor-icon-box-content\">\n\n\t\t\t\t\t\t\t\t\t<div class=\"elementor-icon-box-title\">\n\t\t\t\t\t\t<span  >\n\t\t\t\t\t\t\tCh\u00ednh s\u00e1ch b\u1ea3o m\u1eadt\t\t\t\t\t\t<\/span>\n\t\t\t\t\t<\/div>\n\t\t\t\t\n\t\t\t\t\t\t\t\t\t<p class=\"elementor-icon-box-description\">\n\t\t\t\t\t\tCh\u00fang t\u00f4i c\u00f3 th\u1ec3 c\u1eadp nh\u1eadt Ch\u00ednh s\u00e1ch b\u1ea3o m\u1eadt n\u00e0y theo \u0111\u1ecbnh k\u1ef3 \u0111\u1ec3 ph\u1ea3n \u00e1nh nh\u1eefng thay \u0111\u1ed5i trong d\u1ecbch v\u1ee5 ho\u1eb7c m\u00f4i tr\u01b0\u1eddng ph\u00e1p l\u00fd c\u1ee7a ch\u00fang t\u00f4i. Ng\u01b0\u1eddi d\u00f9ng s\u1ebd \u0111\u01b0\u1ee3c th\u00f4ng b\u00e1o v\u1ec1 c\u00e1c c\u1eadp nh\u1eadt quan tr\u1ecdng qua email ho\u1eb7c th\u00f4ng b\u00e1o trong \u1ee9ng d\u1ee5ng.\t\t\t\t\t<\/p>\n\t\t\t\t\n\t\t\t<\/div>\n\t\t\t\n\t\t<\/div>\n\t\t\t\t\t\t<\/div>\n\t\t\t\t<\/div>\n\t\t\t\t\t<\/div>\n\t\t\t\t<\/div>\n\t\t<div class=\"elementor-element elementor-element-14cf6d1 py-80 e-flex e-con-boxed e-con e-parent\" data-id=\"14cf6d1\" data-element_type=\"container\" data-settings=\"{&quot;background_background&quot;:&quot;classic&quot;}\">\n\t\t\t\t\t<div class=\"e-con-inner\">\n\t\t\t\t<div class=\"elementor-element elementor-element-be94af4 elementor-invisible elementor-widget elementor-widget-heading\" data-id=\"be94af4\" data-element_type=\"widget\" data-settings=\"{&quot;_animation&quot;:&quot;fadeInUp&quot;}\" data-widget_type=\"heading.default\">\n\t\t\t\t<div class=\"elementor-widget-container\">\n\t\t\t\t\t<h2 class=\"elementor-heading-title elementor-size-default\">Th\u00f4ng tin li\u00ean l\u1ea1c\n<\/h2>\t\t\t\t<\/div>\n\t\t\t\t<\/div>\n\t\t\t\t<div class=\"elementor-element elementor-element-31d7b43 elementor-widget elementor-widget-text-editor\" data-id=\"31d7b43\" data-element_type=\"widget\" data-widget_type=\"text-editor.default\">\n\t\t\t\t<div class=\"elementor-widget-container\">\n\t\t\t\t\t\t\t\t\tN\u1ebfu b\u1ea1n c\u00f3 th\u1eafc m\u1eafc ho\u1eb7c lo ng\u1ea1i v\u1ec1 ch\u00ednh s\u00e1ch n\u00e0y, vui l\u00f2ng li\u00ean h\u1ec7 v\u1edbi Nh\u00f3m b\u1ea3o m\u1eadt c\u1ee7a ch\u00fang t\u00f4i theo \u0111\u1ecba ch\u1ec9 <a href=\"mailto:support@pay9.com\">support@pay9.com<\/a>.\t\t\t\t\t\t\t\t<\/div>\n\t\t\t\t<\/div>\n\t\t\t\t\t<\/div>\n\t\t\t\t<\/div>\n\t\t\t\t<\/div>","protected":false},"excerpt":{"rendered":"<p>Privacy Policy Dedicated Effective Date: [Date] Last Updated: [Date] At Pay9, safeguarding your privacy is one of our top priorities. This Privacy Policy explains how we collect, use, share, and protect your personal information when you access and use our platform, including the Pay9 app, website, and associated services. By using Pay9, you consent to [&hellip;]<\/p>","protected":false},"author":1,"featured_media":0,"parent":0,"menu_order":0,"comment_status":"closed","ping_status":"closed","template":"elementor_header_footer","meta":{"footnotes":""},"class_list":["post-3","page","type-page","status-publish","hentry"],"_links":{"self":[{"href":"https:\/\/pay9.nishidshajib.com\/vi\/wp-json\/wp\/v2\/pages\/3","targetHints":{"allow":["GET"]}}],"collection":[{"href":"https:\/\/pay9.nishidshajib.com\/vi\/wp-json\/wp\/v2\/pages"}],"about":[{"href":"https:\/\/pay9.nishidshajib.com\/vi\/wp-json\/wp\/v2\/types\/page"}],"author":[{"embeddable":true,"href":"https:\/\/pay9.nishidshajib.com\/vi\/wp-json\/wp\/v2\/users\/1"}],"replies":[{"embeddable":true,"href":"https:\/\/pay9.nishidshajib.com\/vi\/wp-json\/wp\/v2\/comments?post=3"}],"version-history":[{"count":25,"href":"https:\/\/pay9.nishidshajib.com\/vi\/wp-json\/wp\/v2\/pages\/3\/revisions"}],"predecessor-version":[{"id":772,"href":"https:\/\/pay9.nishidshajib.com\/vi\/wp-json\/wp\/v2\/pages\/3\/revisions\/772"}],"wp:attachment":[{"href":"https:\/\/pay9.nishidshajib.com\/vi\/wp-json\/wp\/v2\/media?parent=3"}],"curies":[{"name":"wp","href":"https:\/\/api.w.org\/{rel}","templated":true}]}}