{"id":754,"date":"2025-01-05T18:17:52","date_gmt":"2025-01-05T18:17:52","guid":{"rendered":"https:\/\/pay9.nishidshajib.com\/?page_id=754"},"modified":"2025-01-05T18:21:51","modified_gmt":"2025-01-05T18:21:51","slug":"terms-and-conditions","status":"publish","type":"page","link":"https:\/\/pay9.nishidshajib.com\/vi\/terms-and-conditions\/","title":{"rendered":"\u0110i\u1ec1u kho\u1ea3n &amp; \u0110i\u1ec1u ki\u1ec7n"},"content":{"rendered":"<div data-elementor-type=\"wp-page\" data-elementor-id=\"754\" class=\"elementor elementor-754\" data-elementor-post-type=\"page\">\n\t\t\t\t<div class=\"elementor-element elementor-element-8296e6a e-flex e-con-boxed e-con e-parent\" data-id=\"8296e6a\" data-element_type=\"container\">\n\t\t\t\t\t<div class=\"e-con-inner\">\n\t\t\t\t<div class=\"elementor-element elementor-element-786a72e elementor-icon-list--layout-traditional elementor-list-item-link-full_width elementor-widget elementor-widget-icon-list\" data-id=\"786a72e\" data-element_type=\"widget\" data-widget_type=\"icon-list.default\">\n\t\t\t\t<div class=\"elementor-widget-container\">\n\t\t\t\t\t\t\t<ul class=\"elementor-icon-list-items\">\n\t\t\t\t\t\t\t<li class=\"elementor-icon-list-item\">\n\t\t\t\t\t\t\t\t\t\t<span class=\"elementor-icon-list-text\">Ng\u00e0y c\u00f3 hi\u1ec7u l\u1ef1c: [Ng\u00e0y]<\/span>\n\t\t\t\t\t\t\t\t\t<\/li>\n\t\t\t\t\t\t\t\t<li class=\"elementor-icon-list-item\">\n\t\t\t\t\t\t\t\t\t\t<span class=\"elementor-icon-list-text\"> C\u1eadp nh\u1eadt l\u1ea7n cu\u1ed1i: [Ng\u00e0y]<\/span>\n\t\t\t\t\t\t\t\t\t<\/li>\n\t\t\t\t\t\t<\/ul>\n\t\t\t\t\t\t<\/div>\n\t\t\t\t<\/div>\n\t\t\t\t<div class=\"elementor-element elementor-element-4d9d917 elementor-widget elementor-widget-heading\" data-id=\"4d9d917\" data-element_type=\"widget\" data-widget_type=\"heading.default\">\n\t\t\t\t<div class=\"elementor-widget-container\">\n\t\t\t\t\t<div class=\"elementor-heading-title elementor-size-default\">These Terms &amp; Conditions govern your use of the Pay9 platform, including its app, website, and associated services. By creating an account or using Pay9, you agree to comply with these terms and any policies referenced within.\n<\/div>\t\t\t\t<\/div>\n\t\t\t\t<\/div>\n\t\t\t\t<div class=\"elementor-element elementor-element-042ddc6 elementor-widget elementor-widget-icon-box\" data-id=\"042ddc6\" data-element_type=\"widget\" data-widget_type=\"icon-box.default\">\n\t\t\t\t<div class=\"elementor-widget-container\">\n\t\t\t\t\t\t\t<div class=\"elementor-icon-box-wrapper\">\n\n\t\t\t\n\t\t\t\t\t\t<div class=\"elementor-icon-box-content\">\n\n\t\t\t\t\t\t\t\t\t<div class=\"elementor-icon-box-title\">\n\t\t\t\t\t\t<span  >\n\t\t\t\t\t\t\tCh\u1ea5p nh\u1eadn c\u00e1c \u0111i\u1ec1u kho\u1ea3n\t\t\t\t\t\t<\/span>\n\t\t\t\t\t<\/div>\n\t\t\t\t\n\t\t\t\t\t\t\t\t\t<p class=\"elementor-icon-box-description\">\n\t\t\t\t\t\tBy accessing Pay9, you acknowledge that you have read, understood, and accepted these Terms &amp; Conditions. This agreement forms a legally binding contract between you and Pay9.<br><br>\nN\u1ebfu b\u1ea1n kh\u00f4ng \u0111\u1ed3ng \u00fd v\u1edbi c\u00e1c \u0111i\u1ec1u kho\u1ea3n n\u00e0y, b\u1ea1n ph\u1ea3i ng\u1eebng s\u1eed d\u1ee5ng n\u1ec1n t\u1ea3ng ngay l\u1eadp t\u1ee9c.\n\t\t\t\t\t<\/p>\n\t\t\t\t\n\t\t\t<\/div>\n\t\t\t\n\t\t<\/div>\n\t\t\t\t\t\t<\/div>\n\t\t\t\t<\/div>\n\t\t\t\t<div class=\"elementor-element elementor-element-cea5a90 elementor-widget elementor-widget-icon-box\" data-id=\"cea5a90\" data-element_type=\"widget\" data-widget_type=\"icon-box.default\">\n\t\t\t\t<div class=\"elementor-widget-container\">\n\t\t\t\t\t\t\t<div class=\"elementor-icon-box-wrapper\">\n\n\t\t\t\n\t\t\t\t\t\t<div class=\"elementor-icon-box-content\">\n\n\t\t\t\t\t\t\t\t\t<div class=\"elementor-icon-box-title\">\n\t\t\t\t\t\t<span  >\n\t\t\t\t\t\t\t\u0110i\u1ec1u ki\u1ec7n v\u00e0 Tr\u00e1ch nhi\u1ec7m c\u1ee7a Ng\u01b0\u1eddi d\u00f9ng\t\t\t\t\t\t<\/span>\n\t\t\t\t\t<\/div>\n\t\t\t\t\n\t\t\t\t\t\t\t\t\t<p class=\"elementor-icon-box-description\">\n\t\t\t\t\t\tPay9 d\u00e0nh cho nh\u1eefng c\u00e1 nh\u00e2n \u00edt nh\u1ea5t 18 tu\u1ed5i v\u00e0 \u0111\u1ee7 \u0111i\u1ec1u ki\u1ec7n h\u1ee3p ph\u00e1p \u0111\u1ec3 tham gia giao d\u1ecbch ti\u1ec1n \u0111i\u1ec7n t\u1eed theo lu\u1eadt ph\u00e1p c\u1ee7a khu v\u1ef1c ph\u00e1p l\u00fd c\u1ee7a h\u1ecd. B\u1eb1ng c\u00e1ch \u0111\u0103ng k\u00fd, b\u1ea1n x\u00e1c nh\u1eadn t\u00ednh ch\u00ednh x\u00e1c c\u1ee7a th\u00f4ng tin c\u00e1 nh\u00e2n v\u00e0 t\u00e0i ch\u00ednh \u0111\u01b0\u1ee3c cung c\u1ea5p, bao g\u1ed3m m\u1ecdi t\u00e0i li\u1ec7u \u0111\u01b0\u1ee3c g\u1eedi \u0111\u1ec3 x\u00e1c minh KYC.<br><br>\nNg\u01b0\u1eddi d\u00f9ng c\u00f3 tr\u00e1ch nhi\u1ec7m duy tr\u00ec t\u00ednh b\u1ea3o m\u1eadt c\u1ee7a th\u00f4ng tin t\u00e0i kho\u1ea3n c\u1ee7a h\u1ecd. Vi\u1ec7c s\u1eed d\u1ee5ng tr\u00e1i ph\u00e9p t\u00e0i kho\u1ea3n c\u1ee7a b\u1ea1n ph\u1ea3i \u0111\u01b0\u1ee3c b\u00e1o c\u00e1o ngay cho Pay9.\n\t\t\t\t\t<\/p>\n\t\t\t\t\n\t\t\t<\/div>\n\t\t\t\n\t\t<\/div>\n\t\t\t\t\t\t<\/div>\n\t\t\t\t<\/div>\n\t\t\t\t<div class=\"elementor-element elementor-element-fe87c66 elementor-widget elementor-widget-icon-box\" data-id=\"fe87c66\" data-element_type=\"widget\" data-widget_type=\"icon-box.default\">\n\t\t\t\t<div class=\"elementor-widget-container\">\n\t\t\t\t\t\t\t<div class=\"elementor-icon-box-wrapper\">\n\n\t\t\t\n\t\t\t\t\t\t<div class=\"elementor-icon-box-content\">\n\n\t\t\t\t\t\t\t\t\t<div class=\"elementor-icon-box-title\">\n\t\t\t\t\t\t<span  >\n\t\t\t\t\t\t\tHo\u1ea1t \u0111\u1ed9ng b\u1ecb c\u1ea5m\t\t\t\t\t\t<\/span>\n\t\t\t\t\t<\/div>\n\t\t\t\t\n\t\t\t\t\t\t\t\t\t<p class=\"elementor-icon-box-description\">\n\t\t\t\t\t\tPay9 nghi\u00eam c\u1ea5m c\u00e1c ho\u1ea1t \u0111\u1ed9ng vi ph\u1ea1m lu\u1eadt ph\u00e1p ho\u1eb7c x\u00e2m ph\u1ea1m t\u00ednh to\u00e0n v\u1eb9n c\u1ee7a n\u1ec1n t\u1ea3ng. \u0110i\u1ec1u n\u00e0y bao g\u1ed3m vi\u1ec7c s\u1eed d\u1ee5ng Pay9 \u0111\u1ec3 r\u1eeda ti\u1ec1n, gian l\u1eadn ho\u1eb7c c\u00e1c m\u1ee5c \u0111\u00edch b\u1ea5t h\u1ee3p ph\u00e1p kh\u00e1c. Nghi\u00eam c\u1ea5m c\u00e1c n\u1ed7 l\u1ef1c b\u1ecf qua c\u00e1c bi\u1ec7n ph\u00e1p b\u1ea3o m\u1eadt, tham gia v\u00e0o c\u00e1c giao d\u1ecbch tr\u00e1i ph\u00e9p ho\u1eb7c ph\u00e1 v\u1ee1 ch\u1ee9c n\u0103ng h\u1ec7 th\u1ed1ng.\t\t\t\t\t<\/p>\n\t\t\t\t\n\t\t\t<\/div>\n\t\t\t\n\t\t<\/div>\n\t\t\t\t\t\t<\/div>\n\t\t\t\t<\/div>\n\t\t\t\t<div class=\"elementor-element elementor-element-ba904b1 elementor-widget elementor-widget-icon-box\" data-id=\"ba904b1\" data-element_type=\"widget\" data-widget_type=\"icon-box.default\">\n\t\t\t\t<div class=\"elementor-widget-container\">\n\t\t\t\t\t\t\t<div class=\"elementor-icon-box-wrapper\">\n\n\t\t\t\n\t\t\t\t\t\t<div class=\"elementor-icon-box-content\">\n\n\t\t\t\t\t\t\t\t\t<div class=\"elementor-icon-box-title\">\n\t\t\t\t\t\t<span  >\n\t\t\t\t\t\t\tD\u1ecbch v\u1ee5 cung c\u1ea5p\t\t\t\t\t\t<\/span>\n\t\t\t\t\t<\/div>\n\t\t\t\t\n\t\t\t\t\t\t\t\t\t<p class=\"elementor-icon-box-description\">\n\t\t\t\t\t\tPay9 cung c\u1ea5p nhi\u1ec1u d\u1ecbch v\u1ee5, bao g\u1ed3m v\u00ed an to\u00e0n cho t\u00e0i s\u1ea3n k\u1ef9 thu\u1eadt s\u1ed1, gi\u1ea3i ph\u00e1p thanh to\u00e1n xuy\u00ean bi\u00ean gi\u1edbi, c\u01a1 h\u1ed9i staking v\u00e0 quy\u1ec1n truy c\u1eadp v\u00e0o Pay9 Mastercard. C\u00e1c d\u1ecbch v\u1ee5 n\u00e0y \u0111\u01b0\u1ee3c qu\u1ea3n l\u00fd b\u1edfi c\u00e1c y\u00eau c\u1ea7u ph\u00e1p l\u00fd hi\u1ec7n h\u00e0nh v\u00e0 ch\u00ednh s\u00e1ch n\u1ed9i b\u1ed9 \u0111\u1ec3 \u0111\u1ea3m b\u1ea3o s\u1ef1 an to\u00e0n v\u00e0 tu\u00e2n th\u1ee7 c\u1ee7a ng\u01b0\u1eddi d\u00f9ng.<br><br>\nTh\u1ebb Pay9 Mastercard cho ph\u00e9p giao d\u1ecbch to\u00e0n c\u1ea7u b\u1eb1ng c\u1ea3 ti\u1ec1n ph\u00e1p \u0111\u1ecbnh v\u00e0 ti\u1ec1n \u0111i\u1ec7n t\u1eed. Vi\u1ec7c s\u1eed d\u1ee5ng th\u1ebb ph\u1ea3i tu\u00e2n theo c\u00e1c \u0111i\u1ec1u kho\u1ea3n v\u00e0 \u0111i\u1ec1u ki\u1ec7n c\u1ee7a \u0111\u01a1n v\u1ecb ph\u00e1t h\u00e0nh th\u1ebb, \u0111\u01b0\u1ee3c cung c\u1ea5p trong qu\u00e1 tr\u00ecnh \u0111\u0103ng k\u00fd.\t\t\t\t\t<\/p>\n\t\t\t\t\n\t\t\t<\/div>\n\t\t\t\n\t\t<\/div>\n\t\t\t\t\t\t<\/div>\n\t\t\t\t<\/div>\n\t\t\t\t<div class=\"elementor-element elementor-element-4fbd1a1 elementor-widget elementor-widget-icon-box\" data-id=\"4fbd1a1\" data-element_type=\"widget\" data-widget_type=\"icon-box.default\">\n\t\t\t\t<div class=\"elementor-widget-container\">\n\t\t\t\t\t\t\t<div class=\"elementor-icon-box-wrapper\">\n\n\t\t\t\n\t\t\t\t\t\t<div class=\"elementor-icon-box-content\">\n\n\t\t\t\t\t\t\t\t\t<div class=\"elementor-icon-box-title\">\n\t\t\t\t\t\t<span  >\n\t\t\t\t\t\t\tPh\u00ed v\u00e0 Thanh to\u00e1n\t\t\t\t\t\t<\/span>\n\t\t\t\t\t<\/div>\n\t\t\t\t\n\t\t\t\t\t\t\t\t\t<p class=\"elementor-icon-box-description\">\n\t\t\t\t\t\t\nD\u1ecbch v\u1ee5 Pay9 c\u00f3 th\u1ec3 ph\u00e1t sinh ph\u00ed, bao g\u1ed3m nh\u01b0ng kh\u00f4ng gi\u1edbi h\u1ea1n \u1edf ph\u00ed x\u1eed l\u00fd giao d\u1ecbch, ph\u00ed chuy\u1ec3n \u0111\u1ed5i ti\u1ec1n t\u1ec7 v\u00e0 hoa h\u1ed3ng \u0111\u1eb7t c\u01b0\u1ee3c. Ng\u01b0\u1eddi d\u00f9ng s\u1ebd \u0111\u01b0\u1ee3c th\u00f4ng b\u00e1o v\u1ec1 c\u00e1c kho\u1ea3n ph\u00ed \u00e1p d\u1ee5ng tr\u01b0\u1edbc khi x\u00e1c nh\u1eadn b\u1ea5t k\u1ef3 giao d\u1ecbch n\u00e0o.<br><br>\nKh\u00f4ng duy tr\u00ec \u0111\u1ee7 s\u1ed1 d\u01b0 t\u00e0i kho\u1ea3n \u0111\u1ec3 thanh to\u00e1n c\u00e1c kho\u1ea3n ph\u00ed \u00e1p d\u1ee5ng c\u00f3 th\u1ec3 d\u1eabn \u0111\u1ebfn vi\u1ec7c h\u1ea1n ch\u1ebf d\u1ecbch v\u1ee5 ho\u1eb7c \u0111\u00ecnh ch\u1ec9 t\u00e0i kho\u1ea3n.\n\t\t\t\t\t<\/p>\n\t\t\t\t\n\t\t\t<\/div>\n\t\t\t\n\t\t<\/div>\n\t\t\t\t\t\t<\/div>\n\t\t\t\t<\/div>\n\t\t\t\t<div class=\"elementor-element elementor-element-f7c4e00 elementor-widget elementor-widget-icon-box\" data-id=\"f7c4e00\" data-element_type=\"widget\" data-widget_type=\"icon-box.default\">\n\t\t\t\t<div class=\"elementor-widget-container\">\n\t\t\t\t\t\t\t<div class=\"elementor-icon-box-wrapper\">\n\n\t\t\t\n\t\t\t\t\t\t<div class=\"elementor-icon-box-content\">\n\n\t\t\t\t\t\t\t\t\t<div class=\"elementor-icon-box-title\">\n\t\t\t\t\t\t<span  >\n\t\t\t\t\t\t\tR\u1ee7i ro c\u1ee7a giao d\u1ecbch ti\u1ec1n \u0111i\u1ec7n t\u1eed\t\t\t\t\t\t<\/span>\n\t\t\t\t\t<\/div>\n\t\t\t\t\n\t\t\t\t\t\t\t\t\t<p class=\"elementor-icon-box-description\">\n\t\t\t\t\t\tGiao d\u1ecbch ti\u1ec1n \u0111i\u1ec7n t\u1eed c\u00f3 r\u1ee7i ro c\u1ed1 h\u1eefu, bao g\u1ed3m bi\u1ebfn \u0111\u1ed9ng gi\u00e1, t\u1ed5n th\u1ea5t ti\u1ec1m \u1ea9n v\u00e0 l\u1ed7 h\u1ed5ng c\u00f4ng ngh\u1ec7. Pay9 kh\u00f4ng \u0111\u1ea3m b\u1ea3o l\u1ee3i nhu\u1eadn \u0111\u1ea7u t\u01b0 ho\u1eb7c t\u00ednh \u1ed5n \u0111\u1ecbnh c\u1ee7a gi\u00e1 tr\u1ecb t\u00e0i s\u1ea3n.<br><br>\nNg\u01b0\u1eddi d\u00f9ng ph\u1ea3i th\u1ef1c hi\u1ec7n th\u1ea9m \u0111\u1ecbnh c\u1ea7n thi\u1ebft v\u00e0 th\u1eeba nh\u1eadn b\u1ea3n ch\u1ea5t kh\u00f4ng th\u1ec3 \u0111\u1ea3o ng\u01b0\u1ee3c c\u1ee7a c\u00e1c giao d\u1ecbch blockchain.\t\t\t\t\t<\/p>\n\t\t\t\t\n\t\t\t<\/div>\n\t\t\t\n\t\t<\/div>\n\t\t\t\t\t\t<\/div>\n\t\t\t\t<\/div>\n\t\t\t\t<div class=\"elementor-element elementor-element-e02c117 elementor-widget elementor-widget-icon-box\" data-id=\"e02c117\" data-element_type=\"widget\" data-widget_type=\"icon-box.default\">\n\t\t\t\t<div class=\"elementor-widget-container\">\n\t\t\t\t\t\t\t<div class=\"elementor-icon-box-wrapper\">\n\n\t\t\t\n\t\t\t\t\t\t<div class=\"elementor-icon-box-content\">\n\n\t\t\t\t\t\t\t\t\t<div class=\"elementor-icon-box-title\">\n\t\t\t\t\t\t<span  >\n\t\t\t\t\t\t\tT\u1ea1m ng\u01b0ng v\u00e0 ch\u1ea5m d\u1ee9t t\u00e0i kho\u1ea3n\t\t\t\t\t\t<\/span>\n\t\t\t\t\t<\/div>\n\t\t\t\t\n\t\t\t\t\t\t\t\t\t<p class=\"elementor-icon-box-description\">\n\t\t\t\t\t\tPay9 reserves the right to suspend or terminate accounts if users violate these Terms &amp; Conditions, engage in prohibited activities, or fail to comply with regulatory requirements. Affected users will receive notification detailing the reason for account suspension or termination.\n\t\t\t\t\t<\/p>\n\t\t\t\t\n\t\t\t<\/div>\n\t\t\t\n\t\t<\/div>\n\t\t\t\t\t\t<\/div>\n\t\t\t\t<\/div>\n\t\t\t\t<div class=\"elementor-element elementor-element-a4301e1 elementor-widget elementor-widget-icon-box\" data-id=\"a4301e1\" data-element_type=\"widget\" data-widget_type=\"icon-box.default\">\n\t\t\t\t<div class=\"elementor-widget-container\">\n\t\t\t\t\t\t\t<div class=\"elementor-icon-box-wrapper\">\n\n\t\t\t\n\t\t\t\t\t\t<div class=\"elementor-icon-box-content\">\n\n\t\t\t\t\t\t\t\t\t<div class=\"elementor-icon-box-title\">\n\t\t\t\t\t\t<span  >\n\t\t\t\t\t\t\tGi\u1edbi h\u1ea1n tr\u00e1ch nhi\u1ec7m\t\t\t\t\t\t<\/span>\n\t\t\t\t\t<\/div>\n\t\t\t\t\n\t\t\t\t\t\t\t\t\t<p class=\"elementor-icon-box-description\">\n\t\t\t\t\t\tTrong ph\u1ea1m vi ph\u00e1p lu\u1eadt cho ph\u00e9p, Pay9 t\u1eeb ch\u1ed1i tr\u00e1ch nhi\u1ec7m \u0111\u1ed1i v\u1edbi b\u1ea5t k\u1ef3 thi\u1ec7t h\u1ea1i gi\u00e1n ti\u1ebfp, ng\u1eabu nhi\u00ean ho\u1eb7c h\u1eadu qu\u1ea3 n\u00e0o ph\u00e1t sinh t\u1eeb vi\u1ec7c s\u1eed d\u1ee5ng n\u1ec1n t\u1ea3ng. \u0110i\u1ec1u n\u00e0y bao g\u1ed3m nh\u01b0ng kh\u00f4ng gi\u1edbi h\u1ea1n \u1edf c\u00e1c kho\u1ea3n l\u1ed7 t\u00e0i ch\u00ednh, s\u1ef1 c\u1ed1 k\u1ef9 thu\u1eadt ho\u1eb7c ho\u1ea1t \u0111\u1ed9ng t\u00e0i kho\u1ea3n tr\u00e1i ph\u00e9p.<br><br>\nTr\u00e1ch nhi\u1ec7m c\u1ee7a Pay9 b\u1ecb gi\u1edbi h\u1ea1n \u1edf ph\u1ea1m vi c\u00e1c d\u1ecbch v\u1ee5 \u0111\u01b0\u1ee3c cung c\u1ea5p tr\u1ef1c ti\u1ebfp th\u00f4ng qua n\u1ec1n t\u1ea3ng c\u1ee7a m\u00ecnh.\t\t\t\t\t<\/p>\n\t\t\t\t\n\t\t\t<\/div>\n\t\t\t\n\t\t<\/div>\n\t\t\t\t\t\t<\/div>\n\t\t\t\t<\/div>\n\t\t\t\t<div class=\"elementor-element elementor-element-fff7fed elementor-widget elementor-widget-icon-box\" data-id=\"fff7fed\" data-element_type=\"widget\" data-widget_type=\"icon-box.default\">\n\t\t\t\t<div class=\"elementor-widget-container\">\n\t\t\t\t\t\t\t<div class=\"elementor-icon-box-wrapper\">\n\n\t\t\t\n\t\t\t\t\t\t<div class=\"elementor-icon-box-content\">\n\n\t\t\t\t\t\t\t\t\t<div class=\"elementor-icon-box-title\">\n\t\t\t\t\t\t<span  >\n\t\t\t\t\t\t\tGi\u1ea3i quy\u1ebft tranh ch\u1ea5p\t\t\t\t\t\t<\/span>\n\t\t\t\t\t<\/div>\n\t\t\t\t\n\t\t\t\t\t\t\t\t\t<p class=\"elementor-icon-box-description\">\n\t\t\t\t\t\tDisputes related to these Terms &amp; Conditions must be resolved through binding arbitration in [Insert Jurisdiction]. Users waive the right to class action lawsuits or jury trials.\t\t\t\t\t<\/p>\n\t\t\t\t\n\t\t\t<\/div>\n\t\t\t\n\t\t<\/div>\n\t\t\t\t\t\t<\/div>\n\t\t\t\t<\/div>\n\t\t\t\t<div class=\"elementor-element elementor-element-42ac05a elementor-widget elementor-widget-icon-box\" data-id=\"42ac05a\" data-element_type=\"widget\" data-widget_type=\"icon-box.default\">\n\t\t\t\t<div class=\"elementor-widget-container\">\n\t\t\t\t\t\t\t<div class=\"elementor-icon-box-wrapper\">\n\n\t\t\t\n\t\t\t\t\t\t<div class=\"elementor-icon-box-content\">\n\n\t\t\t\t\t\t\t\t\t<div class=\"elementor-icon-box-title\">\n\t\t\t\t\t\t<span  >\n\t\t\t\t\t\t\tLu\u1eadt qu\u1ea3n l\u00fd\t\t\t\t\t\t<\/span>\n\t\t\t\t\t<\/div>\n\t\t\t\t\n\t\t\t\t\t\t\t\t\t<p class=\"elementor-icon-box-description\">\n\t\t\t\t\t\tThese Terms &amp; Conditions are governed by the laws of [Insert Jurisdiction], regardless of conflicts with local laws.\t\t\t\t\t<\/p>\n\t\t\t\t\n\t\t\t<\/div>\n\t\t\t\n\t\t<\/div>\n\t\t\t\t\t\t<\/div>\n\t\t\t\t<\/div>\n\t\t\t\t<div class=\"elementor-element elementor-element-830ad8d elementor-widget elementor-widget-icon-box\" data-id=\"830ad8d\" data-element_type=\"widget\" data-widget_type=\"icon-box.default\">\n\t\t\t\t<div class=\"elementor-widget-container\">\n\t\t\t\t\t\t\t<div class=\"elementor-icon-box-wrapper\">\n\n\t\t\t\n\t\t\t\t\t\t<div class=\"elementor-icon-box-content\">\n\n\t\t\t\t\t\t\t\t\t<div class=\"elementor-icon-box-title\">\n\t\t\t\t\t\t<span  >\n\t\t\t\t\t\t\tS\u1eeda \u0111\u1ed5i\t\t\t\t\t\t<\/span>\n\t\t\t\t\t<\/div>\n\t\t\t\t\n\t\t\t\t\t\t\t\t\t<p class=\"elementor-icon-box-description\">\n\t\t\t\t\t\tPay9 reserves the right to update these Terms &amp; Conditions to reflect changes in services or regulatory compliance. Continued use of Pay9 following updates constitutes acceptance of the revised terms.\t\t\t\t\t<\/p>\n\t\t\t\t\n\t\t\t<\/div>\n\t\t\t\n\t\t<\/div>\n\t\t\t\t\t\t<\/div>\n\t\t\t\t<\/div>\n\t\t\t\t\t<\/div>\n\t\t\t\t<\/div>\n\t\t<div class=\"elementor-element elementor-element-7026498 py-80 e-flex e-con-boxed e-con e-parent\" data-id=\"7026498\" data-element_type=\"container\" data-settings=\"{&quot;background_background&quot;:&quot;classic&quot;}\">\n\t\t\t\t\t<div class=\"e-con-inner\">\n\t\t\t\t<div class=\"elementor-element elementor-element-3de9295 elementor-invisible elementor-widget elementor-widget-heading\" data-id=\"3de9295\" data-element_type=\"widget\" data-settings=\"{&quot;_animation&quot;:&quot;fadeInUp&quot;}\" data-widget_type=\"heading.default\">\n\t\t\t\t<div class=\"elementor-widget-container\">\n\t\t\t\t\t<h2 class=\"elementor-heading-title elementor-size-default\">Th\u00f4ng tin li\u00ean l\u1ea1c\n<\/h2>\t\t\t\t<\/div>\n\t\t\t\t<\/div>\n\t\t\t\t<div class=\"elementor-element elementor-element-15afc6b elementor-widget elementor-widget-text-editor\" data-id=\"15afc6b\" data-element_type=\"widget\" data-widget_type=\"text-editor.default\">\n\t\t\t\t<div class=\"elementor-widget-container\">\n\t\t\t\t\t\t\t\t\t\u0110\u1ed1i v\u1edbi c\u00e1c th\u1eafc m\u1eafc li\u00ean quan \u0111\u1ebfn c\u00e1c \u0110i\u1ec1u kho\u1ea3n &amp; \u0110i\u1ec1u ki\u1ec7n n\u00e0y, vui l\u00f2ng li\u00ean h\u1ec7 v\u1edbi ch\u00fang t\u00f4i t\u1ea1i <a href=\"mailto:support@pay9.com\">support@pay9.com<\/a>.\t\t\t\t\t\t\t\t<\/div>\n\t\t\t\t<\/div>\n\t\t\t\t\t<\/div>\n\t\t\t\t<\/div>\n\t\t\t\t<\/div>","protected":false},"excerpt":{"rendered":"<p>Effective Date: [Date] Last Updated: [Date] These Terms &amp; Conditions govern your use of the Pay9 platform, including its app, website, and associated services. By creating an account or using Pay9, you agree to comply with these terms and any policies referenced within. Acceptance of Terms By accessing Pay9, you acknowledge that you have read, [&hellip;]<\/p>","protected":false},"author":1,"featured_media":0,"parent":0,"menu_order":0,"comment_status":"closed","ping_status":"closed","template":"elementor_header_footer","meta":{"footnotes":""},"class_list":["post-754","page","type-page","status-publish","hentry"],"_links":{"self":[{"href":"https:\/\/pay9.nishidshajib.com\/vi\/wp-json\/wp\/v2\/pages\/754","targetHints":{"allow":["GET"]}}],"collection":[{"href":"https:\/\/pay9.nishidshajib.com\/vi\/wp-json\/wp\/v2\/pages"}],"about":[{"href":"https:\/\/pay9.nishidshajib.com\/vi\/wp-json\/wp\/v2\/types\/page"}],"author":[{"embeddable":true,"href":"https:\/\/pay9.nishidshajib.com\/vi\/wp-json\/wp\/v2\/users\/1"}],"replies":[{"embeddable":true,"href":"https:\/\/pay9.nishidshajib.com\/vi\/wp-json\/wp\/v2\/comments?post=754"}],"version-history":[{"count":10,"href":"https:\/\/pay9.nishidshajib.com\/vi\/wp-json\/wp\/v2\/pages\/754\/revisions"}],"predecessor-version":[{"id":765,"href":"https:\/\/pay9.nishidshajib.com\/vi\/wp-json\/wp\/v2\/pages\/754\/revisions\/765"}],"wp:attachment":[{"href":"https:\/\/pay9.nishidshajib.com\/vi\/wp-json\/wp\/v2\/media?parent=754"}],"curies":[{"name":"wp","href":"https:\/\/api.w.org\/{rel}","templated":true}]}}